{"id":861,"date":"2021-07-31T09:42:29","date_gmt":"2021-07-31T09:42:29","guid":{"rendered":"https:\/\/erhankaucuk.com\/?page_id=861"},"modified":"2021-08-09T14:05:20","modified_gmt":"2021-08-09T14:05:20","slug":"our-imprint","status":"publish","type":"page","link":"https:\/\/erhankaucuk.com\/tr\/our-imprint\/","title":{"rendered":"K\u00fcnyemiz"},"content":{"rendered":"<div data-elementor-type=\"wp-page\" data-elementor-id=\"861\" class=\"elementor elementor-861\">\n\t\t\t\t\t\t<section class=\"elementor-section elementor-top-section elementor-element elementor-element-5418982 elementor-section-boxed elementor-section-height-default elementor-section-height-default\" data-id=\"5418982\" data-element_type=\"section\" data-e-type=\"section\" data-settings=\"{&quot;background_background&quot;:&quot;gradient&quot;}\">\n\t\t\t\t\t\t\t<div class=\"elementor-background-overlay\"><\/div>\n\t\t\t\t\t\t\t<div class=\"elementor-container elementor-column-gap-default\">\n\t\t\t\t\t<div class=\"elementor-column elementor-col-100 elementor-top-column elementor-element elementor-element-193dc43d\" data-id=\"193dc43d\" data-element_type=\"column\" data-e-type=\"column\">\n\t\t\t<div class=\"elementor-widget-wrap elementor-element-populated\">\n\t\t\t\t\t\t<section class=\"elementor-section elementor-inner-section elementor-element elementor-element-385b8a9f elementor-section-boxed elementor-section-height-default elementor-section-height-default\" data-id=\"385b8a9f\" data-element_type=\"section\" data-e-type=\"section\">\n\t\t\t\t\t\t<div class=\"elementor-container elementor-column-gap-default\">\n\t\t\t\t\t<div class=\"elementor-column elementor-col-50 elementor-inner-column elementor-element elementor-element-4339b478\" data-id=\"4339b478\" data-element_type=\"column\" data-e-type=\"column\">\n\t\t\t<div class=\"elementor-widget-wrap elementor-element-populated\">\n\t\t\t\t\t\t<div class=\"elementor-element elementor-element-166c31a9 elementor-widget elementor-widget-heading\" data-id=\"166c31a9\" data-element_type=\"widget\" data-e-type=\"widget\" data-widget_type=\"heading.default\">\n\t\t\t\t<div class=\"elementor-widget-container\">\n\t\t\t\t\t<h1 class=\"elementor-heading-title elementor-size-default\">K\u00fcnyemiz<\/h1>\t\t\t\t<\/div>\n\t\t\t\t<\/div>\n\t\t\t\t\t<\/div>\n\t\t<\/div>\n\t\t\t\t<div class=\"elementor-column elementor-col-50 elementor-inner-column elementor-element elementor-element-6b1c8d42\" data-id=\"6b1c8d42\" data-element_type=\"column\" data-e-type=\"column\">\n\t\t\t<div class=\"elementor-widget-wrap\">\n\t\t\t\t\t\t\t<\/div>\n\t\t<\/div>\n\t\t\t\t\t<\/div>\n\t\t<\/section>\n\t\t\t\t\t<\/div>\n\t\t<\/div>\n\t\t\t\t\t<\/div>\n\t\t<\/section>\n\t\t\t\t<section class=\"elementor-section elementor-top-section elementor-element elementor-element-5cb45061 elementor-section-boxed elementor-section-height-default elementor-section-height-default\" data-id=\"5cb45061\" data-element_type=\"section\" data-e-type=\"section\" data-settings=\"{&quot;background_background&quot;:&quot;classic&quot;}\">\n\t\t\t\t\t\t<div class=\"elementor-container elementor-column-gap-default\">\n\t\t\t\t\t<div class=\"elementor-column elementor-col-100 elementor-top-column elementor-element elementor-element-4f79b2c7\" data-id=\"4f79b2c7\" data-element_type=\"column\" data-e-type=\"column\">\n\t\t\t<div class=\"elementor-widget-wrap elementor-element-populated\">\n\t\t\t\t\t\t<section class=\"elementor-section elementor-inner-section elementor-element elementor-element-157079c0 elementor-section-content-middle elementor-reverse-mobile elementor-section-boxed elementor-section-height-default elementor-section-height-default\" data-id=\"157079c0\" data-element_type=\"section\" data-e-type=\"section\" data-settings=\"{&quot;background_background&quot;:&quot;classic&quot;}\">\n\t\t\t\t\t\t<div class=\"elementor-container elementor-column-gap-default\">\n\t\t\t\t\t<div class=\"elementor-column elementor-col-50 elementor-inner-column elementor-element elementor-element-7cfd66ce\" data-id=\"7cfd66ce\" data-element_type=\"column\" data-e-type=\"column\">\n\t\t\t<div class=\"elementor-widget-wrap elementor-element-populated\">\n\t\t\t\t\t\t<div class=\"elementor-element elementor-element-47a0bfbb elementor-widget elementor-widget-image\" data-id=\"47a0bfbb\" data-element_type=\"widget\" data-e-type=\"widget\" data-settings=\"{&quot;_animation&quot;:&quot;none&quot;}\" data-widget_type=\"image.default\">\n\t\t\t\t<div class=\"elementor-widget-container\">\n\t\t\t\t\t\t\t\t\t\t\t\t\t\t\t<img fetchpriority=\"high\" decoding=\"async\" width=\"600\" height=\"807\" src=\"https:\/\/erhankaucuk.com\/wp-content\/uploads\/2021\/07\/hakkimizda-2.jpg\" class=\"attachment-large size-large wp-image-499\" alt=\"Erhan Kau\u00e7uk\" srcset=\"https:\/\/erhankaucuk.com\/wp-content\/uploads\/2021\/07\/hakkimizda-2.jpg 600w, https:\/\/erhankaucuk.com\/wp-content\/uploads\/2021\/07\/hakkimizda-2-223x300.jpg 223w, https:\/\/erhankaucuk.com\/wp-content\/uploads\/2021\/07\/hakkimizda-2-9x12.jpg 9w\" sizes=\"(max-width: 600px) 100vw, 600px\" \/>\t\t\t\t\t\t\t\t\t\t\t\t\t\t\t<\/div>\n\t\t\t\t<\/div>\n\t\t\t\t\t<\/div>\n\t\t<\/div>\n\t\t\t\t<div class=\"elementor-column elementor-col-50 elementor-inner-column elementor-element elementor-element-6c15e36a\" data-id=\"6c15e36a\" data-element_type=\"column\" data-e-type=\"column\" data-settings=\"{&quot;background_background&quot;:&quot;classic&quot;,&quot;animation&quot;:&quot;none&quot;}\">\n\t\t\t<div class=\"elementor-widget-wrap elementor-element-populated\">\n\t\t\t\t\t\t<div class=\"elementor-element elementor-element-2a34a80 elementor-widget elementor-widget-image\" data-id=\"2a34a80\" data-element_type=\"widget\" data-e-type=\"widget\" data-widget_type=\"image.default\">\n\t\t\t\t<div class=\"elementor-widget-container\">\n\t\t\t\t\t\t\t\t\t\t\t\t\t\t\t<img decoding=\"async\" width=\"483\" height=\"104\" src=\"https:\/\/erhankaucuk.com\/wp-content\/uploads\/2021\/07\/logo.png\" class=\"attachment-large size-large wp-image-93\" alt=\"Erhan Kau\u00e7uk\" srcset=\"https:\/\/erhankaucuk.com\/wp-content\/uploads\/2021\/07\/logo.png 483w, https:\/\/erhankaucuk.com\/wp-content\/uploads\/2021\/07\/logo-300x65.png 300w, https:\/\/erhankaucuk.com\/wp-content\/uploads\/2021\/07\/logo-18x4.png 18w\" sizes=\"(max-width: 483px) 100vw, 483px\" \/>\t\t\t\t\t\t\t\t\t\t\t\t\t\t\t<\/div>\n\t\t\t\t<\/div>\n\t\t\t\t<div class=\"elementor-element elementor-element-604afdf elementor-widget-divider--view-line elementor-widget elementor-widget-divider\" data-id=\"604afdf\" data-element_type=\"widget\" data-e-type=\"widget\" data-widget_type=\"divider.default\">\n\t\t\t\t<div class=\"elementor-widget-container\">\n\t\t\t\t\t\t\t<div class=\"elementor-divider\">\n\t\t\t<span class=\"elementor-divider-separator\">\n\t\t\t\t\t\t<\/span>\n\t\t<\/div>\n\t\t\t\t\t\t<\/div>\n\t\t\t\t<\/div>\n\t\t\t\t<div class=\"elementor-element elementor-element-1d313e08 elementor-widget elementor-widget-text-editor\" data-id=\"1d313e08\" data-element_type=\"widget\" data-e-type=\"widget\" data-widget_type=\"text-editor.default\">\n\t\t\t\t<div class=\"elementor-widget-container\">\n\t\t\t\t\t\t\t\t\t<p class=\"style15\"><strong><span class=\"style27\">Ticari \u00dcnvan\u0131m\u0131z:<\/span><\/strong><\/p><p class=\"auto-style22\"><span class=\"style18\"><strong>Erhan Kau\u00e7uk Ambalaj Sanayi Ticaret Ltd. \u015eti.<\/strong><\/span><\/p><p class=\"style20\"><span class=\"style27\"><strong>Bildirim Adresimiz:<\/strong><\/span><span class=\"style18\"> MGD San. Sit. Ay\u00e7i\u00e7ek Sok. No:52, 41420\u00a0 \u00c7ay\u0131rova<span lang=\"tr\"><span class=\"auto-style24\">\u00a0\/ T\u00dcRK\u0130YE<\/span><\/span><\/span><\/p><p class=\"style20\"><span class=\"style27\"><strong>Telefon:<\/strong><\/span><span class=\"auto-style23\">\u00a0 :+90 262 658 0051<br \/><\/span><\/p><p class=\"style20\"><span class=\"style27\"><strong>E-Posta:<\/strong><\/span><span class=\"style18\"><span class=\"auto-style24\">\u00a0\u00a0\u00a0<\/span><\/span><span class=\"auto-style24\"><a href=\"mailto:info@erhankaucuk.com?subject=Bilgi%20i%C3%A7in\"><span class=\"style18\">info@erhankaucuk.com<\/span><\/a><\/span><\/p><p class=\"auto-style16\"><span class=\"style27\"><strong>Vergi Dairesi \/ No:<\/strong><\/span><span class=\"style23\">\u00a0 ********** V.D.\u00a0\u00a0 \/\u00a0\u00a0 **********<span lang=\"tr\">\u00a0<\/span><\/span><\/p><p><span class=\"auto-style26\"><strong>Ticaret Sicil Numaras\u0131:\u00a0<\/strong><\/span>34428<\/p><p class=\"auto-style16\"><span class=\"style27\"><strong><span lang=\"tr\">Mersis<\/span>\u00a0No:<span lang=\"tr\">\u00a0<\/span><\/strong><\/span><span class=\"style18\"><span class=\"style23\" lang=\"tr\">************<\/span><\/span><\/p>\t\t\t\t\t\t\t\t<\/div>\n\t\t\t\t<\/div>\n\t\t\t\t\t<\/div>\n\t\t<\/div>\n\t\t\t\t\t<\/div>\n\t\t<\/section>\n\t\t\t\t\t<\/div>\n\t\t<\/div>\n\t\t\t\t\t<\/div>\n\t\t<\/section>\n\t\t\t\t<\/div>","protected":false},"excerpt":{"rendered":"<p>our Imprint Our Trade Name: Erhan Kau\u00e7uk Ambalaj Sanayi Ticaret Ltd. \u015eti. Our Notification Address: MGD San. Sit. Ay\u00e7i\u00e7ek Sok. No:52, 41420\u00a0 \u00c7ay\u0131rova\u00a0\/ T\u00dcRK\u0130YE Telephone:\u00a0 :+90 262 658 0051 E-Mail:\u00a0\u00a0\u00a0info@erhankaucuk.com Tax Office \/ No:\u00a0 ********** V.D.\u00a0\u00a0 \/\u00a0\u00a0 **********\u00a0 Trade Register Number:\u00a034428 Mersis\u00a0No:\u00a0************<\/p>","protected":false},"author":1,"featured_media":0,"parent":0,"menu_order":0,"comment_status":"closed","ping_status":"closed","template":"page-templates\/template-pagebuilder-full-width.php","meta":{"neve_meta_sidebar":"full-width","neve_meta_container":"","neve_meta_enable_content_width":"on","neve_meta_content_width":100,"neve_meta_title_alignment":"","neve_meta_author_avatar":"","neve_post_elements_order":"","neve_meta_disable_header":"","neve_meta_disable_footer":"","neve_meta_disable_title":"","footnotes":""},"class_list":["post-861","page","type-page","status-publish","hentry"],"_links":{"self":[{"href":"https:\/\/erhankaucuk.com\/tr\/wp-json\/wp\/v2\/pages\/861","targetHints":{"allow":["GET"]}}],"collection":[{"href":"https:\/\/erhankaucuk.com\/tr\/wp-json\/wp\/v2\/pages"}],"about":[{"href":"https:\/\/erhankaucuk.com\/tr\/wp-json\/wp\/v2\/types\/page"}],"author":[{"embeddable":true,"href":"https:\/\/erhankaucuk.com\/tr\/wp-json\/wp\/v2\/users\/1"}],"replies":[{"embeddable":true,"href":"https:\/\/erhankaucuk.com\/tr\/wp-json\/wp\/v2\/comments?post=861"}],"version-history":[{"count":0,"href":"https:\/\/erhankaucuk.com\/tr\/wp-json\/wp\/v2\/pages\/861\/revisions"}],"wp:attachment":[{"href":"https:\/\/erhankaucuk.com\/tr\/wp-json\/wp\/v2\/media?parent=861"}],"curies":[{"name":"wp","href":"https:\/\/api.w.org\/{rel}","templated":true}]}}