{"id":19,"date":"2020-04-13T09:54:38","date_gmt":"2020-04-13T09:54:38","guid":{"rendered":"https:\/\/demosites.io\/doctor\/?page_id=19"},"modified":"2021-08-12T09:08:38","modified_gmt":"2021-08-12T09:08:38","slug":"about-us","status":"publish","type":"page","link":"https:\/\/erhankaucuk.com\/tr\/about-us\/","title":{"rendered":"Hakk\u0131m\u0131zda"},"content":{"rendered":"<div data-elementor-type=\"wp-page\" data-elementor-id=\"19\" class=\"elementor elementor-19\">\n\t\t\t\t\t\t<section class=\"elementor-section elementor-top-section elementor-element elementor-element-e5fa584 elementor-section-boxed elementor-section-height-default elementor-section-height-default\" data-id=\"e5fa584\" data-element_type=\"section\" data-e-type=\"section\" data-settings=\"{&quot;background_background&quot;:&quot;gradient&quot;}\">\n\t\t\t\t\t\t\t<div class=\"elementor-background-overlay\"><\/div>\n\t\t\t\t\t\t\t<div class=\"elementor-container elementor-column-gap-default\">\n\t\t\t\t\t<div class=\"elementor-column elementor-col-100 elementor-top-column elementor-element elementor-element-11f8bbe\" data-id=\"11f8bbe\" data-element_type=\"column\" data-e-type=\"column\">\n\t\t\t<div class=\"elementor-widget-wrap elementor-element-populated\">\n\t\t\t\t\t\t<section class=\"elementor-section elementor-inner-section elementor-element elementor-element-79cc111 elementor-section-boxed elementor-section-height-default elementor-section-height-default\" data-id=\"79cc111\" data-element_type=\"section\" data-e-type=\"section\">\n\t\t\t\t\t\t<div class=\"elementor-container elementor-column-gap-default\">\n\t\t\t\t\t<div class=\"elementor-column elementor-col-50 elementor-inner-column elementor-element elementor-element-1c70bae\" data-id=\"1c70bae\" data-element_type=\"column\" data-e-type=\"column\">\n\t\t\t<div class=\"elementor-widget-wrap elementor-element-populated\">\n\t\t\t\t\t\t<div class=\"elementor-element elementor-element-413e684 elementor-widget elementor-widget-heading\" data-id=\"413e684\" data-element_type=\"widget\" data-e-type=\"widget\" data-widget_type=\"heading.default\">\n\t\t\t\t<div class=\"elementor-widget-container\">\n\t\t\t\t\t<h1 class=\"elementor-heading-title elementor-size-default\">Hakk\u0131m\u0131zda<\/h1>\t\t\t\t<\/div>\n\t\t\t\t<\/div>\n\t\t\t\t<div class=\"elementor-element elementor-element-bf95e1c elementor-widget elementor-widget-text-editor\" data-id=\"bf95e1c\" data-element_type=\"widget\" data-e-type=\"widget\" data-widget_type=\"text-editor.default\">\n\t\t\t\t<div class=\"elementor-widget-container\">\n\t\t\t\t\t\t\t\t\t<p>50 y\u0131ll\u0131k ge\u00e7mi\u015f<\/p>\t\t\t\t\t\t\t\t<\/div>\n\t\t\t\t<\/div>\n\t\t\t\t\t<\/div>\n\t\t<\/div>\n\t\t\t\t<div class=\"elementor-column elementor-col-50 elementor-inner-column elementor-element elementor-element-14381bd\" data-id=\"14381bd\" data-element_type=\"column\" data-e-type=\"column\">\n\t\t\t<div class=\"elementor-widget-wrap\">\n\t\t\t\t\t\t\t<\/div>\n\t\t<\/div>\n\t\t\t\t\t<\/div>\n\t\t<\/section>\n\t\t\t\t\t<\/div>\n\t\t<\/div>\n\t\t\t\t\t<\/div>\n\t\t<\/section>\n\t\t\t\t<section class=\"elementor-section elementor-top-section elementor-element elementor-element-0e45a3c elementor-section-boxed elementor-section-height-default elementor-section-height-default\" data-id=\"0e45a3c\" data-element_type=\"section\" data-e-type=\"section\" data-settings=\"{&quot;background_background&quot;:&quot;classic&quot;}\">\n\t\t\t\t\t\t<div class=\"elementor-container elementor-column-gap-default\">\n\t\t\t\t\t<div class=\"elementor-column elementor-col-100 elementor-top-column elementor-element elementor-element-34b6e41\" data-id=\"34b6e41\" data-element_type=\"column\" data-e-type=\"column\">\n\t\t\t<div class=\"elementor-widget-wrap elementor-element-populated\">\n\t\t\t\t\t\t<section class=\"elementor-section elementor-inner-section elementor-element elementor-element-2b76dc2 elementor-section-content-middle elementor-reverse-mobile elementor-section-boxed elementor-section-height-default elementor-section-height-default\" data-id=\"2b76dc2\" data-element_type=\"section\" data-e-type=\"section\" data-settings=\"{&quot;background_background&quot;:&quot;classic&quot;}\">\n\t\t\t\t\t\t<div class=\"elementor-container elementor-column-gap-default\">\n\t\t\t\t\t<div class=\"elementor-column elementor-col-50 elementor-inner-column elementor-element elementor-element-f7f8ddd\" data-id=\"f7f8ddd\" data-element_type=\"column\" data-e-type=\"column\" data-settings=\"{&quot;background_background&quot;:&quot;classic&quot;,&quot;animation&quot;:&quot;none&quot;}\">\n\t\t\t<div class=\"elementor-widget-wrap elementor-element-populated\">\n\t\t\t\t\t\t<div class=\"elementor-element elementor-element-3b4cf0f elementor-widget elementor-widget-heading\" data-id=\"3b4cf0f\" data-element_type=\"widget\" data-e-type=\"widget\" data-widget_type=\"heading.default\">\n\t\t\t\t<div class=\"elementor-widget-container\">\n\t\t\t\t\t<h2 class=\"elementor-heading-title elementor-size-default\">Tarih\u00e7emiz<\/h2>\t\t\t\t<\/div>\n\t\t\t\t<\/div>\n\t\t\t\t<div class=\"elementor-element elementor-element-f0ed00f elementor-widget-divider--view-line elementor-widget elementor-widget-divider\" data-id=\"f0ed00f\" data-element_type=\"widget\" data-e-type=\"widget\" data-widget_type=\"divider.default\">\n\t\t\t\t<div class=\"elementor-widget-container\">\n\t\t\t\t\t\t\t<div class=\"elementor-divider\">\n\t\t\t<span class=\"elementor-divider-separator\">\n\t\t\t\t\t\t<\/span>\n\t\t<\/div>\n\t\t\t\t\t\t<\/div>\n\t\t\t\t<\/div>\n\t\t\t\t<div class=\"elementor-element elementor-element-c593761 elementor-widget elementor-widget-text-editor\" data-id=\"c593761\" data-element_type=\"widget\" data-e-type=\"widget\" data-widget_type=\"text-editor.default\">\n\t\t\t\t<div class=\"elementor-widget-container\">\n\t\t\t\t\t\t\t\t\t<p>Lastik top \u00fcretmek amac\u0131yla 1974 y\u0131l\u0131nda kurulmu\u015f olan Erhan Kau\u00e7uk, ge\u00e7en 50 sene i\u00e7erisinde sekt\u00f6r\u00fcn \u00f6nc\u00fc firmalar\u0131ndan birisi olmay\u0131 s\u00fcrd\u00fcrm\u00fc\u015ft\u00fcr.<\/p><p>M\u00fc\u015fteri ve kalite odakl\u0131 anlay\u0131\u015f\u0131, s\u00fcrd\u00fcr\u00fclebilirlik ve \u00e7evre duyarl\u0131 yakla\u015f\u0131mlar\u0131 ve geli\u015fime a\u00e7\u0131k vizyonuyla, bug\u00fcn oldu\u011fu gibi gelecekte de g\u00fcvenilir bir i\u015f orta\u011f\u0131 olmay\u0131 s\u00fcrd\u00fcrecektir.<\/p><p>Halihaz\u0131rda, Avrupa ba\u015fta olmak \u00fczere, tam 4 k\u0131taya ihracat yapmakta olan Erhan Kau\u00e7uk, uzun y\u0131llard\u0131r ba\u011fl\u0131 bulundu\u011fu ihracat\u00e7\u0131 birliklerinin ilk 100 ihracat\u00e7\u0131s\u0131ndan biri olmay\u0131 ba\u015farm\u0131\u015f; tamamen yerli sermaye ve i\u015fg\u00fcc\u00fcyle d\u00fczenli b\u00fcy\u00fcmesini s\u00fcrd\u00fcrmektedir.<\/p>\t\t\t\t\t\t\t\t<\/div>\n\t\t\t\t<\/div>\n\t\t\t\t<div class=\"elementor-element elementor-element-69147af elementor-widget elementor-widget-image-carousel\" data-id=\"69147af\" data-element_type=\"widget\" data-e-type=\"widget\" data-settings=\"{&quot;slides_to_show&quot;:&quot;3&quot;,&quot;slides_to_scroll&quot;:&quot;3&quot;,&quot;navigation&quot;:&quot;none&quot;,&quot;pause_on_hover&quot;:&quot;no&quot;,&quot;pause_on_interaction&quot;:&quot;no&quot;,&quot;slides_to_show_mobile&quot;:&quot;3&quot;,&quot;slides_to_scroll_mobile&quot;:&quot;3&quot;,&quot;autoplay&quot;:&quot;yes&quot;,&quot;autoplay_speed&quot;:5000,&quot;infinite&quot;:&quot;yes&quot;,&quot;speed&quot;:500}\" data-widget_type=\"image-carousel.default\">\n\t\t\t\t<div class=\"elementor-widget-container\">\n\t\t\t\t\t\t\t<div class=\"elementor-image-carousel-wrapper swiper\" role=\"region\" aria-roledescription=\"carousel\" aria-label=\"Bild Karussell\" dir=\"ltr\">\n\t\t\t<div class=\"elementor-image-carousel swiper-wrapper\" aria-live=\"off\">\n\t\t\t\t\t\t\t\t<div class=\"swiper-slide\" role=\"group\" aria-roledescription=\"slide\" aria-label=\"1 von 11\"><figure class=\"swiper-slide-inner\"><img decoding=\"async\" class=\"swiper-slide-image\" src=\"https:\/\/erhankaucuk.com\/wp-content\/uploads\/2021\/07\/atiker-1-200x94-1.png\" alt=\"atiker-1-200x94\" \/><\/figure><\/div><div class=\"swiper-slide\" role=\"group\" aria-roledescription=\"slide\" aria-label=\"2 von 11\"><figure class=\"swiper-slide-inner\"><img decoding=\"async\" class=\"swiper-slide-image\" src=\"https:\/\/erhankaucuk.com\/wp-content\/uploads\/2021\/07\/bun-200x94-1.png\" alt=\"bun-200x94\" \/><\/figure><\/div><div class=\"swiper-slide\" role=\"group\" aria-roledescription=\"slide\" aria-label=\"3 von 11\"><figure class=\"swiper-slide-inner\"><img decoding=\"async\" class=\"swiper-slide-image\" src=\"https:\/\/erhankaucuk.com\/wp-content\/uploads\/2021\/07\/coster-200x94-1.png\" alt=\"coster-200x94\" \/><\/figure><\/div><div class=\"swiper-slide\" role=\"group\" aria-roledescription=\"slide\" aria-label=\"4 von 11\"><figure class=\"swiper-slide-inner\"><img decoding=\"async\" class=\"swiper-slide-image\" src=\"https:\/\/erhankaucuk.com\/wp-content\/uploads\/2021\/07\/ege-200x94-1.png\" alt=\"ege-200x94\" \/><\/figure><\/div><div class=\"swiper-slide\" role=\"group\" aria-roledescription=\"slide\" aria-label=\"5 von 11\"><figure class=\"swiper-slide-inner\"><img decoding=\"async\" class=\"swiper-slide-image\" src=\"https:\/\/erhankaucuk.com\/wp-content\/uploads\/2021\/07\/ferroli-200x94-1.png\" alt=\"ferroli-200x94\" \/><\/figure><\/div><div class=\"swiper-slide\" role=\"group\" aria-roledescription=\"slide\" aria-label=\"6 von 11\"><figure class=\"swiper-slide-inner\"><img decoding=\"async\" class=\"swiper-slide-image\" src=\"https:\/\/erhankaucuk.com\/wp-content\/uploads\/2021\/07\/iveco-200x94-1.png\" alt=\"iveco-200x94\" \/><\/figure><\/div><div class=\"swiper-slide\" role=\"group\" aria-roledescription=\"slide\" aria-label=\"7 von 11\"><figure class=\"swiper-slide-inner\"><img decoding=\"async\" class=\"swiper-slide-image\" src=\"https:\/\/erhankaucuk.com\/wp-content\/uploads\/2021\/07\/ken-200x94-1.png\" alt=\"ken-200x94\" \/><\/figure><\/div><div class=\"swiper-slide\" role=\"group\" aria-roledescription=\"slide\" aria-label=\"8 von 11\"><figure class=\"swiper-slide-inner\"><img decoding=\"async\" class=\"swiper-slide-image\" src=\"https:\/\/erhankaucuk.com\/wp-content\/uploads\/2021\/07\/manseal.jpg\" alt=\"manseal\" \/><\/figure><\/div><div class=\"swiper-slide\" role=\"group\" aria-roledescription=\"slide\" aria-label=\"9 von 11\"><figure class=\"swiper-slide-inner\"><img decoding=\"async\" class=\"swiper-slide-image\" src=\"https:\/\/erhankaucuk.com\/wp-content\/uploads\/2021\/07\/maok-200x94-1.png\" alt=\"maok-200x94\" \/><\/figure><\/div><div class=\"swiper-slide\" role=\"group\" aria-roledescription=\"slide\" aria-label=\"10 von 11\"><figure class=\"swiper-slide-inner\"><img decoding=\"async\" class=\"swiper-slide-image\" src=\"https:\/\/erhankaucuk.com\/wp-content\/uploads\/2021\/07\/parker-200x94-1.png\" alt=\"parker-200x94\" \/><\/figure><\/div><div class=\"swiper-slide\" role=\"group\" aria-roledescription=\"slide\" aria-label=\"11 von 11\"><figure class=\"swiper-slide-inner\"><img decoding=\"async\" class=\"swiper-slide-image\" src=\"https:\/\/erhankaucuk.com\/wp-content\/uploads\/2021\/07\/siem-200x94-1.png\" alt=\"siem-200x94\" \/><\/figure><\/div>\t\t\t<\/div>\n\t\t\t\t\t\t\t\n\t\t\t\t\t\t\t\t\t<\/div>\n\t\t\t\t\t\t<\/div>\n\t\t\t\t<\/div>\n\t\t\t\t\t<\/div>\n\t\t<\/div>\n\t\t\t\t<div class=\"elementor-column elementor-col-50 elementor-inner-column elementor-element elementor-element-880a777\" data-id=\"880a777\" data-element_type=\"column\" data-e-type=\"column\" data-settings=\"{&quot;animation&quot;:&quot;none&quot;}\">\n\t\t\t<div class=\"elementor-widget-wrap elementor-element-populated\">\n\t\t\t\t\t\t<div class=\"elementor-element elementor-element-89ac338 elementor-widget elementor-widget-image\" data-id=\"89ac338\" data-element_type=\"widget\" data-e-type=\"widget\" data-settings=\"{&quot;_animation&quot;:&quot;none&quot;}\" data-widget_type=\"image.default\">\n\t\t\t\t<div class=\"elementor-widget-container\">\n\t\t\t\t\t\t\t\t\t\t\t\t\t\t\t<img fetchpriority=\"high\" decoding=\"async\" width=\"600\" height=\"807\" src=\"https:\/\/erhankaucuk.com\/wp-content\/uploads\/2021\/07\/hakkimizda-2.jpg\" class=\"attachment-large size-large wp-image-499\" alt=\"Erhan Kau\u00e7uk\" srcset=\"https:\/\/erhankaucuk.com\/wp-content\/uploads\/2021\/07\/hakkimizda-2.jpg 600w, https:\/\/erhankaucuk.com\/wp-content\/uploads\/2021\/07\/hakkimizda-2-223x300.jpg 223w, https:\/\/erhankaucuk.com\/wp-content\/uploads\/2021\/07\/hakkimizda-2-9x12.jpg 9w\" sizes=\"(max-width: 600px) 100vw, 600px\" \/>\t\t\t\t\t\t\t\t\t\t\t\t\t\t\t<\/div>\n\t\t\t\t<\/div>\n\t\t\t\t\t<\/div>\n\t\t<\/div>\n\t\t\t\t\t<\/div>\n\t\t<\/section>\n\t\t\t\t<section class=\"elementor-section elementor-inner-section elementor-element elementor-element-cac30d9 elementor-section-content-middle elementor-section-boxed elementor-section-height-default elementor-section-height-default\" data-id=\"cac30d9\" data-element_type=\"section\" data-e-type=\"section\">\n\t\t\t\t\t\t<div class=\"elementor-container elementor-column-gap-default\">\n\t\t\t\t\t<div class=\"elementor-column elementor-col-50 elementor-inner-column elementor-element elementor-element-ee81455\" data-id=\"ee81455\" data-element_type=\"column\" data-e-type=\"column\" data-settings=\"{&quot;animation&quot;:&quot;none&quot;}\">\n\t\t\t<div class=\"elementor-widget-wrap elementor-element-populated\">\n\t\t\t\t\t\t<div class=\"elementor-element elementor-element-43f0d4c elementor-widget elementor-widget-image\" data-id=\"43f0d4c\" data-element_type=\"widget\" data-e-type=\"widget\" data-widget_type=\"image.default\">\n\t\t\t\t<div class=\"elementor-widget-container\">\n\t\t\t\t\t\t\t\t\t\t\t\t\t\t\t<img decoding=\"async\" width=\"600\" height=\"600\" src=\"https:\/\/erhankaucuk.com\/wp-content\/uploads\/2021\/07\/hakkimizda-1.jpg\" class=\"attachment-large size-large wp-image-110\" alt=\"Erhan Kau\u00e7uk Hakk\u0131nda\" srcset=\"https:\/\/erhankaucuk.com\/wp-content\/uploads\/2021\/07\/hakkimizda-1.jpg 600w, https:\/\/erhankaucuk.com\/wp-content\/uploads\/2021\/07\/hakkimizda-1-300x300.jpg 300w, https:\/\/erhankaucuk.com\/wp-content\/uploads\/2021\/07\/hakkimizda-1-150x150.jpg 150w, https:\/\/erhankaucuk.com\/wp-content\/uploads\/2021\/07\/hakkimizda-1-12x12.jpg 12w\" sizes=\"(max-width: 600px) 100vw, 600px\" \/>\t\t\t\t\t\t\t\t\t\t\t\t\t\t\t<\/div>\n\t\t\t\t<\/div>\n\t\t\t\t\t<\/div>\n\t\t<\/div>\n\t\t\t\t<div class=\"elementor-column elementor-col-50 elementor-inner-column elementor-element elementor-element-874a465\" data-id=\"874a465\" data-element_type=\"column\" data-e-type=\"column\" data-settings=\"{&quot;background_background&quot;:&quot;classic&quot;,&quot;animation&quot;:&quot;none&quot;}\">\n\t\t\t<div class=\"elementor-widget-wrap elementor-element-populated\">\n\t\t\t\t\t\t<div class=\"elementor-element elementor-element-aca47f6 elementor-widget elementor-widget-heading\" data-id=\"aca47f6\" data-element_type=\"widget\" data-e-type=\"widget\" data-widget_type=\"heading.default\">\n\t\t\t\t<div class=\"elementor-widget-container\">\n\t\t\t\t\t<h2 class=\"elementor-heading-title elementor-size-default\">Misyon &amp; Vizyon<\/h2>\t\t\t\t<\/div>\n\t\t\t\t<\/div>\n\t\t\t\t<div class=\"elementor-element elementor-element-501aeec elementor-widget-divider--view-line elementor-widget elementor-widget-divider\" data-id=\"501aeec\" data-element_type=\"widget\" data-e-type=\"widget\" data-widget_type=\"divider.default\">\n\t\t\t\t<div class=\"elementor-widget-container\">\n\t\t\t\t\t\t\t<div class=\"elementor-divider\">\n\t\t\t<span class=\"elementor-divider-separator\">\n\t\t\t\t\t\t<\/span>\n\t\t<\/div>\n\t\t\t\t\t\t<\/div>\n\t\t\t\t<\/div>\n\t\t\t\t<div class=\"elementor-element elementor-element-ee74362 elementor-widget elementor-widget-text-editor\" data-id=\"ee74362\" data-element_type=\"widget\" data-e-type=\"widget\" data-widget_type=\"text-editor.default\">\n\t\t\t\t<div class=\"elementor-widget-container\">\n\t\t\t\t\t\t\t\t\t<h3>M\u0130SYON<\/h3><p>\u00c7evre dostu bir yakla\u015f\u0131mla uzun vadeli karl\u0131l\u0131\u011f\u0131 optimize etmek ve s\u00fcrd\u00fcrmek i\u00e7in m\u00fc\u015fterilerimize kaliteli \u00fcr\u00fcn ve hizmetler sunmak.<\/p><h3>V\u0130ZYON<\/h3><p>Adil bir fiyata kaliteli \u00fcr\u00fcnlere, \u00e7evreye ve m\u00fckemmel hizmete de\u011fer veren herhangi bir m\u00fc\u015fteri i\u00e7in \u201cgo-to\u201d \u015firket olarak tan\u0131nmak ve kabul edilmek.<\/p>\t\t\t\t\t\t\t\t<\/div>\n\t\t\t\t<\/div>\n\t\t\t\t\t<\/div>\n\t\t<\/div>\n\t\t\t\t\t<\/div>\n\t\t<\/section>\n\t\t\t\t\t<\/div>\n\t\t<\/div>\n\t\t\t\t\t<\/div>\n\t\t<\/section>\n\t\t\t\t<section class=\"elementor-section elementor-top-section elementor-element elementor-element-15fdd1a elementor-section-boxed elementor-section-height-default elementor-section-height-default\" data-id=\"15fdd1a\" data-element_type=\"section\" data-e-type=\"section\" data-settings=\"{&quot;background_background&quot;:&quot;classic&quot;,&quot;animation&quot;:&quot;none&quot;}\">\n\t\t\t\t\t\t\t<div class=\"elementor-background-overlay\"><\/div>\n\t\t\t\t\t\t\t<div class=\"elementor-container elementor-column-gap-default\">\n\t\t\t\t\t<div class=\"elementor-column elementor-col-100 elementor-top-column elementor-element elementor-element-2a58156\" data-id=\"2a58156\" data-element_type=\"column\" data-e-type=\"column\">\n\t\t\t<div class=\"elementor-widget-wrap elementor-element-populated\">\n\t\t\t\t\t\t<section class=\"elementor-section elementor-inner-section elementor-element elementor-element-558302d elementor-section-boxed elementor-section-height-default elementor-section-height-default\" data-id=\"558302d\" data-element_type=\"section\" data-e-type=\"section\">\n\t\t\t\t\t\t<div class=\"elementor-container elementor-column-gap-default\">\n\t\t\t\t\t<div class=\"elementor-column elementor-col-100 elementor-inner-column elementor-element elementor-element-32e2649\" data-id=\"32e2649\" data-element_type=\"column\" data-e-type=\"column\">\n\t\t\t<div class=\"elementor-widget-wrap elementor-element-populated\">\n\t\t\t\t\t\t<div class=\"elementor-element elementor-element-c98d2fc elementor-widget elementor-widget-heading\" data-id=\"c98d2fc\" data-element_type=\"widget\" data-e-type=\"widget\" data-widget_type=\"heading.default\">\n\t\t\t\t<div class=\"elementor-widget-container\">\n\t\t\t\t\t<h2 class=\"elementor-heading-title elementor-size-default\">Temel De\u011ferler                           <\/h2>\t\t\t\t<\/div>\n\t\t\t\t<\/div>\n\t\t\t\t\t<\/div>\n\t\t<\/div>\n\t\t\t\t\t<\/div>\n\t\t<\/section>\n\t\t\t\t<div class=\"elementor-element elementor-element-bdca8a4 elementor-widget elementor-widget-spacer\" data-id=\"bdca8a4\" data-element_type=\"widget\" data-e-type=\"widget\" data-widget_type=\"spacer.default\">\n\t\t\t\t<div class=\"elementor-widget-container\">\n\t\t\t\t\t\t\t<div class=\"elementor-spacer\">\n\t\t\t<div class=\"elementor-spacer-inner\"><\/div>\n\t\t<\/div>\n\t\t\t\t\t\t<\/div>\n\t\t\t\t<\/div>\n\t\t\t\t<section class=\"elementor-section elementor-inner-section elementor-element elementor-element-f569163 elementor-section-boxed elementor-section-height-default elementor-section-height-default\" data-id=\"f569163\" data-element_type=\"section\" data-e-type=\"section\">\n\t\t\t\t\t\t<div class=\"elementor-container elementor-column-gap-default\">\n\t\t\t\t\t<div class=\"elementor-column elementor-col-50 elementor-inner-column elementor-element elementor-element-7a351c6\" data-id=\"7a351c6\" data-element_type=\"column\" data-e-type=\"column\" data-settings=\"{&quot;background_background&quot;:&quot;classic&quot;}\">\n\t\t\t<div class=\"elementor-widget-wrap elementor-element-populated\">\n\t\t\t\t\t<div class=\"elementor-background-overlay\"><\/div>\n\t\t\t\t\t\t<div class=\"elementor-element elementor-element-7a43b78 elementor-widget elementor-widget-image\" data-id=\"7a43b78\" data-element_type=\"widget\" data-e-type=\"widget\" data-widget_type=\"image.default\">\n\t\t\t\t<div class=\"elementor-widget-container\">\n\t\t\t\t\t\t\t\t\t\t\t\t\t\t\t<img decoding=\"async\" width=\"496\" height=\"856\" src=\"https:\/\/erhankaucuk.com\/wp-content\/uploads\/2021\/07\/hakkimizda-5.png\" class=\"attachment-large size-large wp-image-483\" alt=\"\" srcset=\"https:\/\/erhankaucuk.com\/wp-content\/uploads\/2021\/07\/hakkimizda-5.png 496w, https:\/\/erhankaucuk.com\/wp-content\/uploads\/2021\/07\/hakkimizda-5-174x300.png 174w, https:\/\/erhankaucuk.com\/wp-content\/uploads\/2021\/07\/hakkimizda-5-7x12.png 7w\" sizes=\"(max-width: 496px) 100vw, 496px\" \/>\t\t\t\t\t\t\t\t\t\t\t\t\t\t\t<\/div>\n\t\t\t\t<\/div>\n\t\t\t\t\t<\/div>\n\t\t<\/div>\n\t\t\t\t<div class=\"elementor-column elementor-col-50 elementor-inner-column elementor-element elementor-element-c0e1d4e\" data-id=\"c0e1d4e\" data-element_type=\"column\" data-e-type=\"column\">\n\t\t\t<div class=\"elementor-widget-wrap elementor-element-populated\">\n\t\t\t\t\t\t<div class=\"elementor-element elementor-element-b82448b elementor-widget elementor-widget-text-editor\" data-id=\"b82448b\" data-element_type=\"widget\" data-e-type=\"widget\" data-widget_type=\"text-editor.default\">\n\t\t\t\t<div class=\"elementor-widget-container\">\n\t\t\t\t\t\t\t\t\t<h4>D\u00fcr\u00fcstl\u00fck B\u00fct\u00fcnl\u00fc\u011f\u00fc<\/h4><p>D\u00fcr\u00fcstl\u00fck ve \u015feffafl\u0131k yoluyla m\u00fc\u015fterilerimiz, \u00e7al\u0131\u015fanlar\u0131m\u0131z ve tedarik\u00e7ilerimizle uzun s\u00fcreli ili\u015fkiler kurar\u0131z. Kurulu\u015fumuzdaki herkesin yapt\u0131klar\u0131 her \u015feyde y\u00fcksek bir d\u00fcr\u00fcstl\u00fck d\u00fczeyini korumas\u0131n\u0131, eylemlerinin sorumlulu\u011funu \u00fcstlenmesini ve i\u015flerinden gurur duymas\u0131n\u0131 bekleriz.<\/p><h4>Emniyet<\/h4><p>\u00c7al\u0131\u015fanlar\u0131m\u0131z\u0131n sa\u011fl\u0131\u011f\u0131na ve g\u00fcvenli\u011fine de\u011fer veriyoruz \u00e7\u00fcnk\u00fc onlar olmasayd\u0131 \u015firketimiz bug\u00fcn oldu\u011fu yerde olmazd\u0131. Erhan Kau\u00e7uk, ola\u011fan\u00fcst\u00fc d\u00fc\u015f\u00fck olays\u0131z operasyonlar\u0131yla gurur duymaktad\u0131r.<\/p><h4>Kalite<\/h4><p>Erhan Kau\u00e7uk'da, y\u00fcksek kaliteli par\u00e7a ve hizmetleri g\u00fcvenle sa\u011flayabilmek i\u00e7in y\u00fcksek kaliteli insanlara ve s\u00fcre\u00e7lere yat\u0131r\u0131m yap\u0131yoruz. M\u00fc\u015fterilerimiz en iyi \u00e7abam\u0131zdan daha az\u0131n\u0131 hak etmiyor!<\/p><h4>Zaman\u0131nda Teslimat<\/h4><p>M\u00fc\u015fterilerin ihtiya\u00e7lar\u0131n\u0131 zaman\u0131nda kar\u015f\u0131lamak en b\u00fcy\u00fck \u00f6nceli\u011fimizdir. Bu nedenle Erhan Kau\u00e7uk'taki her \u00e7al\u0131\u015fan\u0131m\u0131za aciliyet duygusuyla birbirimize ve m\u00fc\u015fterilerimize yard\u0131m etmeye davet ediyoruz.<\/p><h4>Karl\u0131l\u0131k<\/h4><p>Karl\u0131 kalma konusunda m\u00fc\u015fterilerimize, \u00e7al\u0131\u015fanlar\u0131m\u0131za ve tedarik\u00e7ilerimize kar\u015f\u0131 bir sorumlulu\u011fumuz var. Bu, zaman ve know-how gibi kaynaklar\u0131 ak\u0131ll\u0131ca ve verimli bir \u015fekilde kullanmak anlam\u0131na gelir.<\/p>\t\t\t\t\t\t\t\t<\/div>\n\t\t\t\t<\/div>\n\t\t\t\t\t<\/div>\n\t\t<\/div>\n\t\t\t\t\t<\/div>\n\t\t<\/section>\n\t\t\t\t\t<\/div>\n\t\t<\/div>\n\t\t\t\t\t<\/div>\n\t\t<\/section>\n\t\t\t\t<\/div>","protected":false},"excerpt":{"rendered":"<p>About Us 50 years of history history Erhan Kaucuk has been a pioneer of the sector since it was founded in 1974 to produce rubber balls. Erhan Kaucuk will e a trustworthy business partner in the future as it is now, with its customer and quality oriented mentality, environmental-friendly and sustainable approach and open to&hellip;&nbsp;<a href=\"https:\/\/erhankaucuk.com\/tr\/about-us\/\" rel=\"bookmark\">Daha fazlas\u0131n\u0131 oku &raquo;<span class=\"screen-reader-text\">Hakk\u0131m\u0131zda<\/span><\/a><\/p>","protected":false},"author":1,"featured_media":0,"parent":0,"menu_order":0,"comment_status":"closed","ping_status":"closed","template":"page-templates\/template-pagebuilder-full-width.php","meta":{"neve_meta_sidebar":"full-width","neve_meta_container":"","neve_meta_enable_content_width":"on","neve_meta_content_width":100,"neve_meta_title_alignment":"","neve_meta_author_avatar":"","neve_post_elements_order":"","neve_meta_disable_header":"","neve_meta_disable_footer":"","neve_meta_disable_title":"","footnotes":""},"class_list":["post-19","page","type-page","status-publish","hentry"],"_links":{"self":[{"href":"https:\/\/erhankaucuk.com\/tr\/wp-json\/wp\/v2\/pages\/19","targetHints":{"allow":["GET"]}}],"collection":[{"href":"https:\/\/erhankaucuk.com\/tr\/wp-json\/wp\/v2\/pages"}],"about":[{"href":"https:\/\/erhankaucuk.com\/tr\/wp-json\/wp\/v2\/types\/page"}],"author":[{"embeddable":true,"href":"https:\/\/erhankaucuk.com\/tr\/wp-json\/wp\/v2\/users\/1"}],"replies":[{"embeddable":true,"href":"https:\/\/erhankaucuk.com\/tr\/wp-json\/wp\/v2\/comments?post=19"}],"version-history":[{"count":0,"href":"https:\/\/erhankaucuk.com\/tr\/wp-json\/wp\/v2\/pages\/19\/revisions"}],"wp:attachment":[{"href":"https:\/\/erhankaucuk.com\/tr\/wp-json\/wp\/v2\/media?parent=19"}],"curies":[{"name":"wp","href":"https:\/\/api.w.org\/{rel}","templated":true}]}}